{"id":1983,"date":"2025-04-26T15:20:55","date_gmt":"2025-04-26T13:20:55","guid":{"rendered":"https:\/\/gajskiguitars.com\/home\/?page_id=1983"},"modified":"2025-06-10T20:55:08","modified_gmt":"2025-06-10T18:55:08","slug":"services_hr","status":"publish","type":"page","link":"https:\/\/gajskiguitars.com\/home\/services_hr\/","title":{"rendered":"Services_HR"},"content":{"rendered":"\t\t<div data-elementor-type=\"wp-page\" data-elementor-id=\"1983\" class=\"elementor elementor-1983\">\n\t\t\t\t<div class=\"elementor-element elementor-element-93263f3 e-con-full e-flex e-con e-parent\" data-id=\"93263f3\" data-element_type=\"container\" data-e-type=\"container\" data-settings=\"{&quot;background_background&quot;:&quot;classic&quot;}\">\n\t\t<div class=\"elementor-element elementor-element-6c32ff7 e-flex e-con-boxed e-con e-child\" data-id=\"6c32ff7\" data-element_type=\"container\" data-e-type=\"container\">\n\t\t\t\t\t<div class=\"e-con-inner\">\n\t\t\t\t<div class=\"elementor-element elementor-element-888fcee elementor-widget elementor-widget-heading\" data-id=\"888fcee\" data-element_type=\"widget\" data-e-type=\"widget\" data-widget_type=\"heading.default\">\n\t\t\t\t<div class=\"elementor-widget-container\">\n\t\t\t\t\t<h1 class=\"elementor-heading-title elementor-size-default\">izrada i restauracija gitara<\/h1>\t\t\t\t<\/div>\n\t\t\t\t<\/div>\n\t\t\t\t\t<\/div>\n\t\t\t\t<\/div>\n\t\t\t\t<\/div>\n\t\t<div class=\"elementor-element elementor-element-860c1c2 e-con-full e-flex e-con e-parent\" data-id=\"860c1c2\" data-element_type=\"container\" data-e-type=\"container\">\n\t\t<div class=\"elementor-element elementor-element-f16e8c1 e-con-full e-flex e-con e-child\" data-id=\"f16e8c1\" data-element_type=\"container\" data-e-type=\"container\">\n\t\t<div class=\"elementor-element elementor-element-bce8799 e-con-full e-flex e-con e-child\" data-id=\"bce8799\" data-element_type=\"container\" data-e-type=\"container\">\n\t\t<div class=\"elementor-element elementor-element-ef99ef4 e-con-full e-flex e-con e-child\" data-id=\"ef99ef4\" data-element_type=\"container\" data-e-type=\"container\">\n\t\t\t\t<div class=\"elementor-element elementor-element-0a78f8b elementor-widget__width-initial elementor-widget elementor-widget-heading\" data-id=\"0a78f8b\" data-element_type=\"widget\" data-e-type=\"widget\" data-widget_type=\"heading.default\">\n\t\t\t\t<div class=\"elementor-widget-container\">\n\t\t\t\t\t<h4 class=\"elementor-heading-title elementor-size-default\">  Restauracija<\/h4>\t\t\t\t<\/div>\n\t\t\t\t<\/div>\n\t\t\t\t<div class=\"elementor-element elementor-element-8fa4c0d elementor-widget__width-initial elementor-widget elementor-widget-text-editor\" data-id=\"8fa4c0d\" data-element_type=\"widget\" data-e-type=\"widget\" data-widget_type=\"text-editor.default\">\n\t\t\t\t<div class=\"elementor-widget-container\">\n\t\t\t\t\t\t\t\t\t<p>Restauriramo povijesne instrumente uz zadr\u017eavanje autenti\u010dnosti, Koristimo reverzibilne postupke lijepljenja prilikom nadogradnje nedostaju\u0107ih dijelova instrumenta.\u00a0 \u00a0<\/p>\t\t\t\t\t\t\t\t<\/div>\n\t\t\t\t<\/div>\n\t\t\t\t<\/div>\n\t\t<div class=\"elementor-element elementor-element-579f54e e-con-full e-flex e-con e-child\" data-id=\"579f54e\" data-element_type=\"container\" data-e-type=\"container\">\n\t\t\t\t<div class=\"elementor-element elementor-element-da558fe elementor-widget__width-initial elementor-widget elementor-widget-image\" data-id=\"da558fe\" data-element_type=\"widget\" data-e-type=\"widget\" data-widget_type=\"image.default\">\n\t\t\t\t<div class=\"elementor-widget-container\">\n\t\t\t\t\t\t\t\t\t\t\t\t\t\t\t<img fetchpriority=\"high\" decoding=\"async\" width=\"1920\" height=\"2560\" src=\"https:\/\/gajskiguitars.com\/wp-content\/uploads\/2025\/04\/20230901_144957-scaled.jpg\" class=\"attachment-full size-full wp-image-1751\" alt=\"\" srcset=\"https:\/\/gajskiguitars.com\/wp-content\/uploads\/2025\/04\/20230901_144957-scaled.jpg 1920w, https:\/\/gajskiguitars.com\/wp-content\/uploads\/2025\/04\/20230901_144957-225x300.jpg 225w, https:\/\/gajskiguitars.com\/wp-content\/uploads\/2025\/04\/20230901_144957-768x1024.jpg 768w, https:\/\/gajskiguitars.com\/wp-content\/uploads\/2025\/04\/20230901_144957-1152x1536.jpg 1152w, https:\/\/gajskiguitars.com\/wp-content\/uploads\/2025\/04\/20230901_144957-1536x2048.jpg 1536w, https:\/\/gajskiguitars.com\/wp-content\/uploads\/2025\/04\/20230901_144957-600x800.jpg 600w\" sizes=\"(max-width: 1920px) 100vw, 1920px\" \/>\t\t\t\t\t\t\t\t\t\t\t\t\t\t\t<\/div>\n\t\t\t\t<\/div>\n\t\t\t\t<\/div>\n\t\t<div class=\"elementor-element elementor-element-5773369 e-con-full e-flex e-con e-child\" data-id=\"5773369\" data-element_type=\"container\" data-e-type=\"container\">\n\t\t\t\t<div class=\"elementor-element elementor-element-88582bf elementor-widget__width-initial elementor-widget elementor-widget-image\" data-id=\"88582bf\" data-element_type=\"widget\" data-e-type=\"widget\" data-widget_type=\"image.default\">\n\t\t\t\t<div class=\"elementor-widget-container\">\n\t\t\t\t\t\t\t\t\t\t\t\t\t\t\t<img decoding=\"async\" src=\"http:\/\/gajskiguitars.com\/wp-content\/uploads\/2025\/04\/20230901_145012-1-scaled.jpg\" title=\"\" alt=\"\" loading=\"lazy\" \/>\t\t\t\t\t\t\t\t\t\t\t\t\t\t\t<\/div>\n\t\t\t\t<\/div>\n\t\t\t\t<\/div>\n\t\t\t\t<\/div>\n\t\t\t\t<\/div>\n\t\t\t\t<\/div>\n\t\t<div class=\"elementor-element elementor-element-3e884bf e-con-full e-flex e-con e-parent\" data-id=\"3e884bf\" data-element_type=\"container\" data-e-type=\"container\">\n\t\t<div class=\"elementor-element elementor-element-b561e85 e-con-full e-flex e-con e-child\" data-id=\"b561e85\" data-element_type=\"container\" data-e-type=\"container\">\n\t\t<div class=\"elementor-element elementor-element-018dc50 e-con-full e-flex e-con e-child\" data-id=\"018dc50\" data-element_type=\"container\" data-e-type=\"container\">\n\t\t<div class=\"elementor-element elementor-element-c81617f e-con-full e-flex e-con e-child\" data-id=\"c81617f\" data-element_type=\"container\" data-e-type=\"container\">\n\t\t\t\t<div class=\"elementor-element elementor-element-57ee7d9 elementor-widget__width-initial elementor-widget elementor-widget-heading\" data-id=\"57ee7d9\" data-element_type=\"widget\" data-e-type=\"widget\" data-widget_type=\"heading.default\">\n\t\t\t\t<div class=\"elementor-widget-container\">\n\t\t\t\t\t<h4 class=\"elementor-heading-title elementor-size-default\">Izrada gitara<\/h4>\t\t\t\t<\/div>\n\t\t\t\t<\/div>\n\t\t\t\t<div class=\"elementor-element elementor-element-9dbc1b1 elementor-widget__width-initial elementor-widget elementor-widget-text-editor\" data-id=\"9dbc1b1\" data-element_type=\"widget\" data-e-type=\"widget\" data-widget_type=\"text-editor.default\">\n\t\t\t\t<div class=\"elementor-widget-container\">\n\t\t\t\t\t\t\t\t\t<p>Gradimo klasi\u010dne gitare razli\u010ditih stilova i veli\u010dina od klasi\u010dnih \u0161panjolskih do modernih s glasnja\u010dama od kompozitnih materijala i odvojivim vratovima.<\/p>\t\t\t\t\t\t\t\t<\/div>\n\t\t\t\t<\/div>\n\t\t\t\t<\/div>\n\t\t<div class=\"elementor-element elementor-element-fb24bed e-flex e-con-boxed e-con e-child\" data-id=\"fb24bed\" data-element_type=\"container\" data-e-type=\"container\">\n\t\t\t\t\t<div class=\"e-con-inner\">\n\t\t\t\t<div class=\"elementor-element elementor-element-cdd8323 elementor-widget__width-initial elementor-widget elementor-widget-image\" data-id=\"cdd8323\" data-element_type=\"widget\" data-e-type=\"widget\" data-widget_type=\"image.default\">\n\t\t\t\t<div class=\"elementor-widget-container\">\n\t\t\t\t\t\t\t\t\t\t\t\t\t\t\t<img decoding=\"async\" width=\"225\" height=\"300\" src=\"https:\/\/gajskiguitars.com\/wp-content\/uploads\/2025\/04\/Glasnjaca_3A-225x300.jpg\" class=\"attachment-medium size-medium wp-image-1689\" alt=\"\" srcset=\"https:\/\/gajskiguitars.com\/wp-content\/uploads\/2025\/04\/Glasnjaca_3A-225x300.jpg 225w, https:\/\/gajskiguitars.com\/wp-content\/uploads\/2025\/04\/Glasnjaca_3A-768x1024.jpg 768w, https:\/\/gajskiguitars.com\/wp-content\/uploads\/2025\/04\/Glasnjaca_3A-1152x1536.jpg 1152w, https:\/\/gajskiguitars.com\/wp-content\/uploads\/2025\/04\/Glasnjaca_3A-1536x2048.jpg 1536w, https:\/\/gajskiguitars.com\/wp-content\/uploads\/2025\/04\/Glasnjaca_3A-600x800.jpg 600w, https:\/\/gajskiguitars.com\/wp-content\/uploads\/2025\/04\/Glasnjaca_3A-scaled.jpg 1920w\" sizes=\"(max-width: 225px) 100vw, 225px\" \/>\t\t\t\t\t\t\t\t\t\t\t\t\t\t\t<\/div>\n\t\t\t\t<\/div>\n\t\t\t\t\t<\/div>\n\t\t\t\t<\/div>\n\t\t<div class=\"elementor-element elementor-element-122dd45 e-con-full e-flex e-con e-child\" data-id=\"122dd45\" data-element_type=\"container\" data-e-type=\"container\">\n\t\t\t\t<div class=\"elementor-element elementor-element-0600f9c elementor-widget__width-initial elementor-widget elementor-widget-image\" data-id=\"0600f9c\" data-element_type=\"widget\" data-e-type=\"widget\" data-widget_type=\"image.default\">\n\t\t\t\t<div class=\"elementor-widget-container\">\n\t\t\t\t\t\t\t\t\t\t\t\t\t\t\t<img decoding=\"async\" src=\"http:\/\/gajskiguitars.com\/wp-content\/uploads\/2025\/04\/Pred_zatvaranje_3-1-scaled.jpg\" title=\"\" alt=\"\" loading=\"lazy\" \/>\t\t\t\t\t\t\t\t\t\t\t\t\t\t\t<\/div>\n\t\t\t\t<\/div>\n\t\t\t\t<\/div>\n\t\t\t\t<\/div>\n\t\t\t\t<\/div>\n\t\t\t\t<\/div>\n\t\t\t\t<\/div>\n\t\t","protected":false},"excerpt":{"rendered":"<p>izrada i restauracija gitara Restauracija Restauriramo povijesne instrumente uz zadr\u017eavanje autenti\u010dnosti, Koristimo reverzibilne postupke lijepljenja prilikom nadogradnje nedostaju\u0107ih dijelova instrumenta.\u00a0 \u00a0 Izrada gitara Gradimo klasi\u010dne gitare razli\u010ditih stilova i veli\u010dina od klasi\u010dnih \u0161panjolskih do modernih s glasnja\u010dama od kompozitnih materijala i odvojivim vratovima.<\/p>\n","protected":false},"author":2,"featured_media":0,"parent":0,"menu_order":0,"comment_status":"closed","ping_status":"open","template":"","meta":{"site-sidebar-layout":"no-sidebar","site-content-layout":"page-builder","ast-site-content-layout":"full-width-container","site-content-style":"unboxed","site-sidebar-style":"unboxed","ast-global-header-display":"","ast-banner-title-visibility":"","ast-main-header-display":"","ast-hfb-above-header-display":"","ast-hfb-below-header-display":"","ast-hfb-mobile-header-display":"","site-post-title":"disabled","ast-breadcrumbs-content":"","ast-featured-img":"disabled","footer-sml-layout":"","ast-disable-related-posts":"","theme-transparent-header-meta":"enabled","adv-header-id-meta":"","stick-header-meta":"","header-above-stick-meta":"","header-main-stick-meta":"","header-below-stick-meta":"","astra-migrate-meta-layouts":"set","ast-page-background-enabled":"default","ast-page-background-meta":{"desktop":{"background-color":"var(--ast-global-color-4)","background-image":"","background-repeat":"repeat","background-position":"center center","background-size":"auto","background-attachment":"scroll","background-type":"","background-media":"","overlay-type":"","overlay-color":"","overlay-opacity":"","overlay-gradient":""},"tablet":{"background-color":"","background-image":"","background-repeat":"repeat","background-position":"center center","background-size":"auto","background-attachment":"scroll","background-type":"","background-media":"","overlay-type":"","overlay-color":"","overlay-opacity":"","overlay-gradient":""},"mobile":{"background-color":"","background-image":"","background-repeat":"repeat","background-position":"center center","background-size":"auto","background-attachment":"scroll","background-type":"","background-media":"","overlay-type":"","overlay-color":"","overlay-opacity":"","overlay-gradient":""}},"ast-content-background-meta":{"desktop":{"background-color":"var(--ast-global-color-5)","background-image":"","background-repeat":"repeat","background-position":"center center","background-size":"auto","background-attachment":"scroll","background-type":"","background-media":"","overlay-type":"","overlay-color":"","overlay-opacity":"","overlay-gradient":""},"tablet":{"background-color":"var(--ast-global-color-5)","background-image":"","background-repeat":"repeat","background-position":"center center","background-size":"auto","background-attachment":"scroll","background-type":"","background-media":"","overlay-type":"","overlay-color":"","overlay-opacity":"","overlay-gradient":""},"mobile":{"background-color":"var(--ast-global-color-5)","background-image":"","background-repeat":"repeat","background-position":"center center","background-size":"auto","background-attachment":"scroll","background-type":"","background-media":"","overlay-type":"","overlay-color":"","overlay-opacity":"","overlay-gradient":""}},"footnotes":""},"class_list":["post-1983","page","type-page","status-publish","hentry"],"_links":{"self":[{"href":"https:\/\/gajskiguitars.com\/home\/wp-json\/wp\/v2\/pages\/1983","targetHints":{"allow":["GET"]}}],"collection":[{"href":"https:\/\/gajskiguitars.com\/home\/wp-json\/wp\/v2\/pages"}],"about":[{"href":"https:\/\/gajskiguitars.com\/home\/wp-json\/wp\/v2\/types\/page"}],"author":[{"embeddable":true,"href":"https:\/\/gajskiguitars.com\/home\/wp-json\/wp\/v2\/users\/2"}],"replies":[{"embeddable":true,"href":"https:\/\/gajskiguitars.com\/home\/wp-json\/wp\/v2\/comments?post=1983"}],"version-history":[{"count":41,"href":"https:\/\/gajskiguitars.com\/home\/wp-json\/wp\/v2\/pages\/1983\/revisions"}],"predecessor-version":[{"id":6118,"href":"https:\/\/gajskiguitars.com\/home\/wp-json\/wp\/v2\/pages\/1983\/revisions\/6118"}],"wp:attachment":[{"href":"https:\/\/gajskiguitars.com\/home\/wp-json\/wp\/v2\/media?parent=1983"}],"curies":[{"name":"wp","href":"https:\/\/api.w.org\/{rel}","templated":true}]}}